{"id":5426,"date":"2022-03-07T09:45:22","date_gmt":"2022-03-07T08:45:22","guid":{"rendered":"https:\/\/samswine.es\/sam-jovenes\/"},"modified":"2024-04-11T13:49:11","modified_gmt":"2024-04-11T12:49:11","slug":"sam-jovenes","status":"publish","type":"page","link":"https:\/\/samswine.es\/en\/sam-jovenes\/","title":{"rendered":"SAM J\u00f3venes"},"content":{"rendered":"\t\t<div data-elementor-type=\"wp-page\" data-elementor-id=\"5426\" class=\"elementor elementor-5426 elementor-3419\" data-elementor-post-type=\"page\">\n\t\t\t\t\t\t<section class=\"elementor-section elementor-top-section elementor-element elementor-element-04b5743 elementor-section-boxed elementor-section-height-default elementor-section-height-default\" data-id=\"04b5743\" data-element_type=\"section\">\n\t\t\t\t\t\t<div class=\"elementor-container elementor-column-gap-default\">\n\t\t\t\t\t<div class=\"elementor-column elementor-col-100 elementor-top-column elementor-element elementor-element-c913ee4\" data-id=\"c913ee4\" data-element_type=\"column\">\n\t\t\t<div class=\"elementor-widget-wrap elementor-element-populated\">\n\t\t\t\t\t\t<div class=\"elementor-element elementor-element-4bab571 variations-visible-n onsale-h-position-left onsale-v-position-top icon-visibility-y elementor-widget elementor-widget-the7-wc-products\" data-id=\"4bab571\" data-element_type=\"widget\" data-settings=\"{&quot;show_add_to_cart&quot;:&quot;n&quot;,&quot;show_variations&quot;:&quot;n&quot;}\" data-widget_type=\"the7-wc-products.default\">\n\t\t\t\t<div class=\"elementor-widget-container\">\n\t\t\t\t\t<div class=\"products-shortcode the7-elementor-widget loading-effect-none the7-wc-products-4bab571 mode-grid dt-css-grid-wrap  wc-img-hover resize-by-browser-width jquery-filter\" data-padding=\"0\" data-cur-page=\"1\" data-wide-desktop-columns-num=\"3\" data-desktop-columns-num=\"3\" data-v-tablet-columns-num=\"2\" data-phone-columns-num=\"1\" data-post-limit=\"-1\" data-pagination-mode=\"none\" data-scroll-offset=\"\" aria-live=\"assertive\"><div class=\"dt-css-grid custom-pagination-handler\"><div class=\"visible wf-cell product-wrap\" data-post-id=\"5655\">\n\t\t<article class=\"post visible product type-product post-5655 status-publish first instock product_cat-elena-vineyard product_cat-s-a-m-youth has-post-thumbnail taxable shipping-taxable product-type-simple project-odd\">\n\t\t\t<figure class=\"woocom-project\">\n\t\t\t\t<div class=\"trigger-img-hover woo-buttons-on-img\">\n\n\t\t\t\t\t<div class=\"img-border\"><a href=\"https:\/\/samswine.es\/en\/vino\/sam-monastrell-pdo-jumilla\/\" class=\"alignnone img-wrap layzr-bg img-css-resize-wrapper\"><img fetchpriority=\"high\" decoding=\"async\" width=\"600\" height=\"600\" src=\"data:image\/svg+xml,%3Csvg%20xmlns%3D&#039;http%3A%2F%2Fwww.w3.org%2F2000%2Fsvg&#039;%20viewBox%3D&#039;0%200%20600%20600&#039;%2F%3E\" class=\"attachment-full size-full preload-me aspect lazy lazy-load\" alt=\"SAM Monastrell, D.O.P. Jumilla\" sizes=\"(max-width: 600px) 100vw, 600px\" style=\"--ratio: 600 \/ 600;\" data-src=\"https:\/\/samswine.es\/wp-content\/uploads\/sam-monstrell-jumilla.jpg\" loading=\"eager\" data-srcset=\"https:\/\/samswine.es\/wp-content\/uploads\/sam-monstrell-jumilla.jpg 600w, https:\/\/samswine.es\/wp-content\/uploads\/sam-monstrell-jumilla-300x300.jpg 300w, https:\/\/samswine.es\/wp-content\/uploads\/sam-monstrell-jumilla-150x150.jpg 150w, https:\/\/samswine.es\/wp-content\/uploads\/sam-monstrell-jumilla-200x200.jpg 200w\" \/><\/a><\/div>\n\t\t\t\t<\/div>\n\t\t\t\t<figcaption class=\"woocom-list-content\">\n\n\t\t\t\t\t<h4 class=\"product-title \"><a href=\"https:\/\/samswine.es\/en\/vino\/sam-monastrell-pdo-jumilla\/\" title=\"SAM Monastrell, D.O.P. Jumilla\" rel=\"bookmark\">SAM Monastrell, D.O.P. Jumilla<\/a><\/h4><span class=\"price\"><\/span><div class=\"woocommerce-product-details__short-description \">In collaboration with Bodegas Vi\u00f1a Elena.<\/div>\n\t\t\t\t<\/figcaption>\n\t\t\t<\/figure>\n\t\t<\/article>\n\n\t\t<\/div><div class=\"visible wf-cell product-wrap\" data-post-id=\"5632\">\n\t\t<article class=\"post visible product type-product post-5632 status-publish instock product_cat-felix-cachazo-en product_cat-s-a-m-youth has-post-thumbnail taxable shipping-taxable product-type-simple project-odd\">\n\t\t\t<figure class=\"woocom-project\">\n\t\t\t\t<div class=\"trigger-img-hover woo-buttons-on-img\">\n\n\t\t\t\t\t<div class=\"img-border\"><a href=\"https:\/\/samswine.es\/en\/vino\/sam-verdejo-do-rueda\/\" class=\"alignnone img-wrap layzr-bg img-css-resize-wrapper\"><img decoding=\"async\" width=\"600\" height=\"600\" src=\"data:image\/svg+xml,%3Csvg%20xmlns%3D&#039;http%3A%2F%2Fwww.w3.org%2F2000%2Fsvg&#039;%20viewBox%3D&#039;0%200%20600%20600&#039;%2F%3E\" class=\"attachment-full size-full preload-me aspect lazy lazy-load\" alt=\"SAM Verdejo, D.O. Rueda\" sizes=\"(max-width: 600px) 100vw, 600px\" style=\"--ratio: 600 \/ 600;\" data-src=\"https:\/\/samswine.es\/wp-content\/uploads\/sam-verdejo-rueda.jpg\" loading=\"eager\" data-srcset=\"https:\/\/samswine.es\/wp-content\/uploads\/sam-verdejo-rueda.jpg 600w, https:\/\/samswine.es\/wp-content\/uploads\/sam-verdejo-rueda-300x300.jpg 300w, https:\/\/samswine.es\/wp-content\/uploads\/sam-verdejo-rueda-150x150.jpg 150w, https:\/\/samswine.es\/wp-content\/uploads\/sam-verdejo-rueda-200x200.jpg 200w\" \/><\/a><\/div>\n\t\t\t\t<\/div>\n\t\t\t\t<figcaption class=\"woocom-list-content\">\n\n\t\t\t\t\t<h4 class=\"product-title \"><a href=\"https:\/\/samswine.es\/en\/vino\/sam-verdejo-do-rueda\/\" title=\"SAM Verdejo, D.O. Rueda\" rel=\"bookmark\">SAM Verdejo, D.O. Rueda<\/a><\/h4><span class=\"price\"><\/span><div class=\"woocommerce-product-details__short-description \">In collaboration with Bodegas F\u00e9lix Lorenzo Cachazo.<\/div>\n\t\t\t\t<\/figcaption>\n\t\t\t<\/figure>\n\t\t<\/article>\n\n\t\t<\/div><div class=\"visible wf-cell product-wrap\" data-post-id=\"5638\">\n\t\t<article class=\"post visible product type-product post-5638 status-publish instock product_cat-bodegas-as-laxas-sa product_cat-s-a-m-youth has-post-thumbnail taxable shipping-taxable product-type-simple project-odd\">\n\t\t\t<figure class=\"woocom-project\">\n\t\t\t\t<div class=\"trigger-img-hover woo-buttons-on-img\">\n\n\t\t\t\t\t<div class=\"img-border\"><a href=\"https:\/\/samswine.es\/en\/vino\/sam-albarino-do-rias-baixas\/\" class=\"alignnone img-wrap layzr-bg img-css-resize-wrapper\"><img decoding=\"async\" width=\"600\" height=\"600\" src=\"data:image\/svg+xml,%3Csvg%20xmlns%3D&#039;http%3A%2F%2Fwww.w3.org%2F2000%2Fsvg&#039;%20viewBox%3D&#039;0%200%20600%20600&#039;%2F%3E\" class=\"attachment-full size-full preload-me aspect lazy lazy-load\" alt=\"SAM Albari\u00f1o, D.O. Rias Baixas\" sizes=\"(max-width: 600px) 100vw, 600px\" style=\"--ratio: 600 \/ 600;\" data-src=\"https:\/\/samswine.es\/wp-content\/uploads\/sam-albarino-rias-baixas.jpg\" loading=\"eager\" data-srcset=\"https:\/\/samswine.es\/wp-content\/uploads\/sam-albarino-rias-baixas.jpg 600w, https:\/\/samswine.es\/wp-content\/uploads\/sam-albarino-rias-baixas-300x300.jpg 300w, https:\/\/samswine.es\/wp-content\/uploads\/sam-albarino-rias-baixas-150x150.jpg 150w, https:\/\/samswine.es\/wp-content\/uploads\/sam-albarino-rias-baixas-200x200.jpg 200w\" \/><\/a><\/div>\n\t\t\t\t<\/div>\n\t\t\t\t<figcaption class=\"woocom-list-content\">\n\n\t\t\t\t\t<h4 class=\"product-title \"><a href=\"https:\/\/samswine.es\/en\/vino\/sam-albarino-do-rias-baixas\/\" title=\"SAM Albari\u00f1o, D.O. Rias Baixas\" rel=\"bookmark\">SAM Albari\u00f1o, D.O. Rias Baixas<\/a><\/h4><span class=\"price\"><\/span><div class=\"woocommerce-product-details__short-description \">In collaboration with Bodegas As Laxas.<\/div>\n\t\t\t\t<\/figcaption>\n\t\t\t<\/figure>\n\t\t<\/article>\n\n\t\t<\/div><\/div><\/div><div class=\"hidden added-to-cart-icon-template\"><span class=\"svg-background popup-icon\"><\/span><\/div>\t\t\t\t<\/div>\n\t\t\t\t<\/div>\n\t\t\t\t\t<\/div>\n\t\t<\/div>\n\t\t\t\t\t<\/div>\n\t\t<\/section>\n\t\t\t\t<\/div>\n\t\t","protected":false},"excerpt":{"rendered":"<p>SAM Monastrell, D.O.P. Jumilla In collaboration with Bodegas Vi\u00f1a Elena. SAM Verdejo, D.O. Rueda In collaboration with Bodegas F\u00e9lix Lorenzo Cachazo. SAM Albari\u00f1o, D.O. Rias Baixas In collaboration with Bodegas As Laxas.<\/p>\n","protected":false},"author":1,"featured_media":0,"parent":0,"menu_order":11,"comment_status":"closed","ping_status":"closed","template":"","meta":{"footnotes":""},"yst_prominent_words":[],"class_list":["post-5426","page","type-page","status-publish","hentry"],"_links":{"self":[{"href":"https:\/\/samswine.es\/en\/wp-json\/wp\/v2\/pages\/5426","targetHints":{"allow":["GET"]}}],"collection":[{"href":"https:\/\/samswine.es\/en\/wp-json\/wp\/v2\/pages"}],"about":[{"href":"https:\/\/samswine.es\/en\/wp-json\/wp\/v2\/types\/page"}],"author":[{"embeddable":true,"href":"https:\/\/samswine.es\/en\/wp-json\/wp\/v2\/users\/1"}],"replies":[{"embeddable":true,"href":"https:\/\/samswine.es\/en\/wp-json\/wp\/v2\/comments?post=5426"}],"version-history":[{"count":6,"href":"https:\/\/samswine.es\/en\/wp-json\/wp\/v2\/pages\/5426\/revisions"}],"predecessor-version":[{"id":5897,"href":"https:\/\/samswine.es\/en\/wp-json\/wp\/v2\/pages\/5426\/revisions\/5897"}],"wp:attachment":[{"href":"https:\/\/samswine.es\/en\/wp-json\/wp\/v2\/media?parent=5426"}],"wp:term":[{"taxonomy":"yst_prominent_words","embeddable":true,"href":"https:\/\/samswine.es\/en\/wp-json\/wp\/v2\/yst_prominent_words?post=5426"}],"curies":[{"name":"wp","href":"https:\/\/api.w.org\/{rel}","templated":true}]}}